{"id":89,"date":"2022-05-27T21:59:55","date_gmt":"2022-05-27T21:59:55","guid":{"rendered":"https:\/\/muslimtendanceparisienne.com\/?post_type=product&#038;p=89"},"modified":"2024-03-03T06:26:48","modified_gmt":"2024-03-03T06:26:48","slug":"burkini","status":"publish","type":"product","link":"https:\/\/staging-r.muslimtendanceparisienne.com\/test\/produit\/burkini\/","title":{"rendered":"Burkini"},"content":{"rendered":"<p><span style=\"font-weight: 400;\">Notre Burkini, con\u00e7u sp\u00e9cialement pour les femmes souhaitant allier style, confort et respect de leur pudeur.\u00a0<\/span><\/p>\n<p><span style=\"font-weight: 400;\">Fabriqu\u00e9 en tissu polyamide, une mati\u00e8re id\u00e9ale pour les maillots de bain.\u00a0<\/span><\/p>\n<p><span style=\"font-weight: 400;\">Notre Burkini vous offre une sensation de douceur et de l\u00e9g\u00e8ret\u00e9 tout en vous assurant une protection optimale.\u00a0<\/span><\/p>\n<p><span style=\"font-weight: 400;\">Ce Burkini est adapt\u00e9 aux femmes musulmanes ainsi qu&#8217;\u00e0 toutes les femmes soucieuses de leur pudeur. Il se compose de deux pi\u00e8ces : un pantalon \u00e9lastique et une tunique longue.\u00a0<\/span><\/p>\n<p><span style=\"font-weight: 400;\">Gr\u00e2ce \u00e0 son design ing\u00e9nieux, le pantalon peut \u00eatre boutonn\u00e9 \u00e0 la tunique, assurant ainsi une tenue confortable et s\u00e9curis\u00e9e.\u00a0<\/span><\/p>\n<p><span style=\"font-weight: 400;\">Disponible en tailles S, M, L et XL, notre Burkini s&#8217;adapte \u00e0 diff\u00e9rentes morphologies et vous assure un ajustement parfait.\u00a0<\/span><\/p>\n<p><span style=\"font-weight: 400;\">Optez pour la qualit\u00e9 et le style avec notre Burkini qui allie confort et \u00e9l\u00e9gance. <\/span><\/p>\n","protected":false},"excerpt":{"rendered":"<p><span style=\"font-weight: 400;\">Maillot de bain musulman\u00a0<\/span><\/p>\n<p><span style=\"font-weight: 400;\">En tissu polyamide (mati\u00e8re maillot de bain)\u00a0<\/span><\/p>\n<p><span style=\"font-weight: 400;\">Adapt\u00e9 aux femmes musulmanes et aux femmes pudiques\u00a0<\/span><\/p>\n<p><span style=\"font-weight: 400;\">Compos\u00e9 de deux pi\u00e8ces : pantalon \u00e9lastique et tunique longue\u00a0<\/span><\/p>\n<p><span style=\"font-weight: 400;\">Le pantalon permet d&#8217;\u00eatre boutonn\u00e9 \u00e0 la tunique\u00a0<\/span><\/p>\n<p><span style=\"font-weight: 400;\">Taille S, M, L et XL\u00a0<\/span><\/p>\n","protected":false},"featured_media":1889,"comment_status":"open","ping_status":"closed","template":"","meta":[],"product_cat":[22],"product_tag":[],"class_list":{"0":"post-89","1":"product","2":"type-product","3":"status-publish","4":"has-post-thumbnail","6":"product_cat-burkini","8":"first","9":"instock","10":"taxable","11":"shipping-taxable","12":"purchasable","13":"product-type-variable"},"jetpack_sharing_enabled":true,"_links":{"self":[{"href":"https:\/\/staging-r.muslimtendanceparisienne.com\/test\/wp-json\/wp\/v2\/product\/89","targetHints":{"allow":["GET"]}}],"collection":[{"href":"https:\/\/staging-r.muslimtendanceparisienne.com\/test\/wp-json\/wp\/v2\/product"}],"about":[{"href":"https:\/\/staging-r.muslimtendanceparisienne.com\/test\/wp-json\/wp\/v2\/types\/product"}],"replies":[{"embeddable":true,"href":"https:\/\/staging-r.muslimtendanceparisienne.com\/test\/wp-json\/wp\/v2\/comments?post=89"}],"version-history":[{"count":0,"href":"https:\/\/staging-r.muslimtendanceparisienne.com\/test\/wp-json\/wp\/v2\/product\/89\/revisions"}],"wp:featuredmedia":[{"embeddable":true,"href":"https:\/\/staging-r.muslimtendanceparisienne.com\/test\/wp-json\/wp\/v2\/media\/1889"}],"wp:attachment":[{"href":"https:\/\/staging-r.muslimtendanceparisienne.com\/test\/wp-json\/wp\/v2\/media?parent=89"}],"wp:term":[{"taxonomy":"product_cat","embeddable":true,"href":"https:\/\/staging-r.muslimtendanceparisienne.com\/test\/wp-json\/wp\/v2\/product_cat?post=89"},{"taxonomy":"product_tag","embeddable":true,"href":"https:\/\/staging-r.muslimtendanceparisienne.com\/test\/wp-json\/wp\/v2\/product_tag?post=89"}],"curies":[{"name":"wp","href":"https:\/\/api.w.org\/{rel}","templated":true}]}}