{"id":83,"date":"2022-05-10T19:29:44","date_gmt":"2022-05-10T19:29:44","guid":{"rendered":"https:\/\/muslimtendanceparisienne.com\/?post_type=product&#038;p=83"},"modified":"2024-03-11T02:21:35","modified_gmt":"2024-03-11T02:21:35","slug":"enfiler-medine","status":"publish","type":"product","link":"https:\/\/staging-r.muslimtendanceparisienne.com\/test\/produit\/enfiler-medine\/","title":{"rendered":"foulard \u00e0 Enfiler M\u00e9dine"},"content":{"rendered":"<p>Enfiler M\u00e9dine<\/p>\n<p>Hijab pr\u00eat \u00e0 enfiler<\/p>\n<p>Facile \u00e0 mettre, id\u00e9al pour les nouvelles voil\u00e9es<\/p>\n<p>Polyester, facile d\u2019entretien<\/p>\n<p>2 m par 0 m 70<\/p>\n<p>Type de tissu : lisse<\/p>\n<p>Disponible en plusieurs couleurs<\/p>\n","protected":false},"excerpt":{"rendered":"<p>Enfiler M\u00e9dine Hijab pr\u00eat \u00e0 enfiler Facile \u00e0 mettre, id\u00e9al pour les nouvelles voil\u00e9es Polyester, facile d\u2019entretien 2 m par 0 m 70 Type de tissu : lisse Disponible en plusieurs couleurs<\/p>\n","protected":false},"featured_media":1846,"comment_status":"open","ping_status":"closed","template":"","meta":[],"product_cat":[16],"product_tag":[],"class_list":{"0":"post-83","1":"product","2":"type-product","3":"status-publish","4":"has-post-thumbnail","6":"product_cat-tenues-de-prieres","8":"first","9":"instock","10":"taxable","11":"shipping-taxable","12":"purchasable","13":"product-type-variable"},"jetpack_sharing_enabled":true,"_links":{"self":[{"href":"https:\/\/staging-r.muslimtendanceparisienne.com\/test\/wp-json\/wp\/v2\/product\/83","targetHints":{"allow":["GET"]}}],"collection":[{"href":"https:\/\/staging-r.muslimtendanceparisienne.com\/test\/wp-json\/wp\/v2\/product"}],"about":[{"href":"https:\/\/staging-r.muslimtendanceparisienne.com\/test\/wp-json\/wp\/v2\/types\/product"}],"replies":[{"embeddable":true,"href":"https:\/\/staging-r.muslimtendanceparisienne.com\/test\/wp-json\/wp\/v2\/comments?post=83"}],"version-history":[{"count":0,"href":"https:\/\/staging-r.muslimtendanceparisienne.com\/test\/wp-json\/wp\/v2\/product\/83\/revisions"}],"wp:featuredmedia":[{"embeddable":true,"href":"https:\/\/staging-r.muslimtendanceparisienne.com\/test\/wp-json\/wp\/v2\/media\/1846"}],"wp:attachment":[{"href":"https:\/\/staging-r.muslimtendanceparisienne.com\/test\/wp-json\/wp\/v2\/media?parent=83"}],"wp:term":[{"taxonomy":"product_cat","embeddable":true,"href":"https:\/\/staging-r.muslimtendanceparisienne.com\/test\/wp-json\/wp\/v2\/product_cat?post=83"},{"taxonomy":"product_tag","embeddable":true,"href":"https:\/\/staging-r.muslimtendanceparisienne.com\/test\/wp-json\/wp\/v2\/product_tag?post=83"}],"curies":[{"name":"wp","href":"https:\/\/api.w.org\/{rel}","templated":true}]}}