{"id":81,"date":"2022-05-12T19:19:38","date_gmt":"2022-05-12T19:19:38","guid":{"rendered":"https:\/\/muslimtendanceparisienne.com\/?post_type=product&#038;p=81"},"modified":"2024-03-10T22:39:44","modified_gmt":"2024-03-10T22:39:44","slug":"enfiler-mousseline","status":"publish","type":"product","link":"https:\/\/staging-r.muslimtendanceparisienne.com\/test\/produit\/enfiler-mousseline\/","title":{"rendered":"foulard \u00e0 Enfiler mousseline"},"content":{"rendered":"<p>Enfiler mousseline<\/p>\n<p>Hijab pr\u00eat \u00e0 enfiler<\/p>\n<p>Compos\u00e9 d\u2019un bandeau crois\u00e9 et d\u2019un ch\u00e2le cousu en mousseline<\/p>\n<p>Facile \u00e0 mettre, id\u00e9al pour les nouvelles voil\u00e9es<\/p>\n<p>Polyester, facile d\u2019entretien<\/p>\n<p>1 m 80 par 0 m 60<\/p>\n<p>Type de tissu : lisse<\/p>\n<p>Disponible en plusieurs couleurs<\/p>\n","protected":false},"excerpt":{"rendered":"<p>Enfiler mousseline Hijab pr\u00eat \u00e0 enfiler Compos\u00e9 d\u2019un bandeau crois\u00e9 et d\u2019un ch\u00e2le cousu en mousseline Facile \u00e0 mettre, id\u00e9al pour les nouvelles voil\u00e9es Polyester, facile d\u2019entretien 1 m 80 par 0 m 60 Type de tissu : lisse Disponible en plusieurs couleurs<\/p>\n","protected":false},"featured_media":1852,"comment_status":"open","ping_status":"closed","template":"","meta":[],"product_cat":[16],"product_tag":[],"class_list":{"0":"post-81","1":"product","2":"type-product","3":"status-publish","4":"has-post-thumbnail","6":"product_cat-tenues-de-prieres","8":"first","9":"instock","10":"taxable","11":"shipping-taxable","12":"purchasable","13":"product-type-variable"},"jetpack_sharing_enabled":true,"_links":{"self":[{"href":"https:\/\/staging-r.muslimtendanceparisienne.com\/test\/wp-json\/wp\/v2\/product\/81","targetHints":{"allow":["GET"]}}],"collection":[{"href":"https:\/\/staging-r.muslimtendanceparisienne.com\/test\/wp-json\/wp\/v2\/product"}],"about":[{"href":"https:\/\/staging-r.muslimtendanceparisienne.com\/test\/wp-json\/wp\/v2\/types\/product"}],"replies":[{"embeddable":true,"href":"https:\/\/staging-r.muslimtendanceparisienne.com\/test\/wp-json\/wp\/v2\/comments?post=81"}],"version-history":[{"count":0,"href":"https:\/\/staging-r.muslimtendanceparisienne.com\/test\/wp-json\/wp\/v2\/product\/81\/revisions"}],"wp:featuredmedia":[{"embeddable":true,"href":"https:\/\/staging-r.muslimtendanceparisienne.com\/test\/wp-json\/wp\/v2\/media\/1852"}],"wp:attachment":[{"href":"https:\/\/staging-r.muslimtendanceparisienne.com\/test\/wp-json\/wp\/v2\/media?parent=81"}],"wp:term":[{"taxonomy":"product_cat","embeddable":true,"href":"https:\/\/staging-r.muslimtendanceparisienne.com\/test\/wp-json\/wp\/v2\/product_cat?post=81"},{"taxonomy":"product_tag","embeddable":true,"href":"https:\/\/staging-r.muslimtendanceparisienne.com\/test\/wp-json\/wp\/v2\/product_tag?post=81"}],"curies":[{"name":"wp","href":"https:\/\/api.w.org\/{rel}","templated":true}]}}