{"id":72,"date":"2022-05-02T22:00:18","date_gmt":"2022-05-02T22:00:18","guid":{"rendered":"https:\/\/muslimtendanceparisienne.com\/?post_type=product&#038;p=72"},"modified":"2024-03-11T05:07:52","modified_gmt":"2024-03-11T05:07:52","slug":"jilbab-sarwel","status":"publish","type":"product","link":"https:\/\/staging-r.muslimtendanceparisienne.com\/test\/produit\/jilbab-sarwel\/","title":{"rendered":"Jilbab sarwel"},"content":{"rendered":"<p>Jilbab sarwel<\/p>\n<p>Compos\u00e9 d\u2019une longue cape et d\u2019un sarwel (pantalon)<\/p>\n<p>En microfibre, facile d\u2019entretien<\/p>\n<p>Coupe large qui dissimule les formes<\/p>\n<p>Tissu fluide et l\u00e9ger<\/p>\n<p>Manches resserr\u00e9es par un \u00e9lastique au poignets<\/p>\n<p>Disponible en plusieurs couleurs<\/p>\n<p>Taille unique convient de la taille S \u00e0 XXL et jusqu\u2019\u00e0 1,75 m<\/p>\n","protected":false},"excerpt":{"rendered":"<p>Jilbab sarwel Compos\u00e9 d\u2019une longue cape et d\u2019un sarwel (pantalon) En microfibre, facile d\u2019entretien Coupe large qui dissimule les formes Tissu fluide et l\u00e9ger Manches resserr\u00e9es par un \u00e9lastique au poignets Disponible en plusieurs couleurs Taille unique convient de la taille S \u00e0 XXL et jusqu\u2019\u00e0 1,75 m<\/p>\n","protected":false},"featured_media":1817,"comment_status":"open","ping_status":"closed","template":"","meta":[],"product_cat":[23],"product_tag":[],"class_list":{"0":"post-72","1":"product","2":"type-product","3":"status-publish","4":"has-post-thumbnail","6":"product_cat-jilbab","8":"first","9":"instock","10":"taxable","11":"shipping-taxable","12":"purchasable","13":"product-type-variable"},"jetpack_sharing_enabled":true,"_links":{"self":[{"href":"https:\/\/staging-r.muslimtendanceparisienne.com\/test\/wp-json\/wp\/v2\/product\/72","targetHints":{"allow":["GET"]}}],"collection":[{"href":"https:\/\/staging-r.muslimtendanceparisienne.com\/test\/wp-json\/wp\/v2\/product"}],"about":[{"href":"https:\/\/staging-r.muslimtendanceparisienne.com\/test\/wp-json\/wp\/v2\/types\/product"}],"replies":[{"embeddable":true,"href":"https:\/\/staging-r.muslimtendanceparisienne.com\/test\/wp-json\/wp\/v2\/comments?post=72"}],"version-history":[{"count":0,"href":"https:\/\/staging-r.muslimtendanceparisienne.com\/test\/wp-json\/wp\/v2\/product\/72\/revisions"}],"wp:featuredmedia":[{"embeddable":true,"href":"https:\/\/staging-r.muslimtendanceparisienne.com\/test\/wp-json\/wp\/v2\/media\/1817"}],"wp:attachment":[{"href":"https:\/\/staging-r.muslimtendanceparisienne.com\/test\/wp-json\/wp\/v2\/media?parent=72"}],"wp:term":[{"taxonomy":"product_cat","embeddable":true,"href":"https:\/\/staging-r.muslimtendanceparisienne.com\/test\/wp-json\/wp\/v2\/product_cat?post=72"},{"taxonomy":"product_tag","embeddable":true,"href":"https:\/\/staging-r.muslimtendanceparisienne.com\/test\/wp-json\/wp\/v2\/product_tag?post=72"}],"curies":[{"name":"wp","href":"https:\/\/api.w.org\/{rel}","templated":true}]}}