{"id":71,"date":"2022-05-01T21:50:27","date_gmt":"2022-05-01T21:50:27","guid":{"rendered":"https:\/\/muslimtendanceparisienne.com\/?post_type=product&#038;p=71"},"modified":"2024-03-11T05:21:26","modified_gmt":"2024-03-11T05:21:26","slug":"jilbab-jupe","status":"publish","type":"product","link":"https:\/\/staging-r.muslimtendanceparisienne.com\/test\/produit\/jilbab-jupe\/","title":{"rendered":"Jilbab jupe"},"content":{"rendered":"<p>Jilbab jupe<\/p>\n<p>Compos\u00e9 d\u2019une longue cape et d\u2019une jupe<\/p>\n<p>En microfibre, facile d\u2019entretien<\/p>\n<p>Coupe large qui dissimule les formes<\/p>\n<p>Tissu fluide et l\u00e9ger<\/p>\n<p>Manches resserr\u00e9es par un \u00e9lastique au poignet<\/p>\n<p>Disponible en plusieurs couleurs<\/p>\n<p>Taille unique convient de la taille S \u00e0 XXL et jusqu\u2019\u00e0 1,80 m<\/p>\n","protected":false},"excerpt":{"rendered":"<p>Jilbab jupe Compos\u00e9 d\u2019une longue cape et d\u2019une jupe En microfibre, facile d\u2019entretien Coupe large qui dissimule les formes Tissu fluide et l\u00e9ger Manches resserr\u00e9es par un \u00e9lastique au poignet Disponible en plusieurs couleurs Taille unique convient de la taille S \u00e0 XXL et jusqu\u2019\u00e0 1,80 m<\/p>\n","protected":false},"featured_media":1813,"comment_status":"open","ping_status":"closed","template":"","meta":[],"product_cat":[23],"product_tag":[],"class_list":{"0":"post-71","1":"product","2":"type-product","3":"status-publish","4":"has-post-thumbnail","6":"product_cat-jilbab","8":"first","9":"instock","10":"taxable","11":"shipping-taxable","12":"purchasable","13":"product-type-variable"},"jetpack_sharing_enabled":true,"_links":{"self":[{"href":"https:\/\/staging-r.muslimtendanceparisienne.com\/test\/wp-json\/wp\/v2\/product\/71","targetHints":{"allow":["GET"]}}],"collection":[{"href":"https:\/\/staging-r.muslimtendanceparisienne.com\/test\/wp-json\/wp\/v2\/product"}],"about":[{"href":"https:\/\/staging-r.muslimtendanceparisienne.com\/test\/wp-json\/wp\/v2\/types\/product"}],"replies":[{"embeddable":true,"href":"https:\/\/staging-r.muslimtendanceparisienne.com\/test\/wp-json\/wp\/v2\/comments?post=71"}],"version-history":[{"count":0,"href":"https:\/\/staging-r.muslimtendanceparisienne.com\/test\/wp-json\/wp\/v2\/product\/71\/revisions"}],"wp:featuredmedia":[{"embeddable":true,"href":"https:\/\/staging-r.muslimtendanceparisienne.com\/test\/wp-json\/wp\/v2\/media\/1813"}],"wp:attachment":[{"href":"https:\/\/staging-r.muslimtendanceparisienne.com\/test\/wp-json\/wp\/v2\/media?parent=71"}],"wp:term":[{"taxonomy":"product_cat","embeddable":true,"href":"https:\/\/staging-r.muslimtendanceparisienne.com\/test\/wp-json\/wp\/v2\/product_cat?post=71"},{"taxonomy":"product_tag","embeddable":true,"href":"https:\/\/staging-r.muslimtendanceparisienne.com\/test\/wp-json\/wp\/v2\/product_tag?post=71"}],"curies":[{"name":"wp","href":"https:\/\/api.w.org\/{rel}","templated":true}]}}