{"id":6504,"date":"2022-12-04T16:51:24","date_gmt":"2022-12-04T16:51:24","guid":{"rendered":"https:\/\/muslimtendanceparisienne.com\/?post_type=product&#038;p=6504"},"modified":"2024-03-10T20:37:48","modified_gmt":"2024-03-10T20:37:48","slug":"abaya-voile-soie-de-medine","status":"publish","type":"product","link":"https:\/\/staging-r.muslimtendanceparisienne.com\/test\/produit\/abaya-voile-soie-de-medine\/","title":{"rendered":"Abaya voile int\u00e9gr\u00e9 soie de M\u00e9dine"},"content":{"rendered":"<p>Fait d\u2019une seule pi\u00e8ce, id\u00e9al pour sortir ou pour accomplir la pri\u00e8re<\/p>\n<p>En polyester, facile d\u2019entretien<\/p>\n<p>Coupe large qui dissimule les formes<\/p>\n<p>Tissu de qualit\u00e9<\/p>\n<p>Disponible en plusieurs couleurs<\/p>\n<p>Taille unique convient de la taille S \u00e0 XL et jusqu\u2019\u00e0 1,65 m<\/p>\n","protected":false},"excerpt":{"rendered":"<p>Fait d\u2019une seule pi\u00e8ce, id\u00e9al pour sortir ou pour accomplir la pri\u00e8re En polyester, facile d\u2019entretien Coupe large qui dissimule les formes Tissu de qualit\u00e9 Disponible en plusieurs couleurs Taille unique convient de la taille S \u00e0 XL et jusqu\u2019\u00e0 1,65 m<\/p>\n","protected":false},"featured_media":6539,"comment_status":"open","ping_status":"closed","template":"","meta":[],"product_cat":[16],"product_tag":[],"class_list":{"0":"post-6504","1":"product","2":"type-product","3":"status-publish","4":"has-post-thumbnail","6":"product_cat-tenues-de-prieres","8":"first","9":"instock","10":"taxable","11":"shipping-taxable","12":"purchasable","13":"product-type-variable"},"jetpack_sharing_enabled":true,"_links":{"self":[{"href":"https:\/\/staging-r.muslimtendanceparisienne.com\/test\/wp-json\/wp\/v2\/product\/6504","targetHints":{"allow":["GET"]}}],"collection":[{"href":"https:\/\/staging-r.muslimtendanceparisienne.com\/test\/wp-json\/wp\/v2\/product"}],"about":[{"href":"https:\/\/staging-r.muslimtendanceparisienne.com\/test\/wp-json\/wp\/v2\/types\/product"}],"replies":[{"embeddable":true,"href":"https:\/\/staging-r.muslimtendanceparisienne.com\/test\/wp-json\/wp\/v2\/comments?post=6504"}],"version-history":[{"count":0,"href":"https:\/\/staging-r.muslimtendanceparisienne.com\/test\/wp-json\/wp\/v2\/product\/6504\/revisions"}],"wp:featuredmedia":[{"embeddable":true,"href":"https:\/\/staging-r.muslimtendanceparisienne.com\/test\/wp-json\/wp\/v2\/media\/6539"}],"wp:attachment":[{"href":"https:\/\/staging-r.muslimtendanceparisienne.com\/test\/wp-json\/wp\/v2\/media?parent=6504"}],"wp:term":[{"taxonomy":"product_cat","embeddable":true,"href":"https:\/\/staging-r.muslimtendanceparisienne.com\/test\/wp-json\/wp\/v2\/product_cat?post=6504"},{"taxonomy":"product_tag","embeddable":true,"href":"https:\/\/staging-r.muslimtendanceparisienne.com\/test\/wp-json\/wp\/v2\/product_tag?post=6504"}],"curies":[{"name":"wp","href":"https:\/\/api.w.org\/{rel}","templated":true}]}}