{"id":17056,"date":"2024-01-03T09:59:35","date_gmt":"2024-01-03T09:59:35","guid":{"rendered":"https:\/\/muslimtendanceparisienne.com\/?post_type=product&#038;p=17056"},"modified":"2024-02-28T09:47:19","modified_gmt":"2024-02-28T09:47:19","slug":"bandeau-tube-2","status":"publish","type":"product","link":"https:\/\/staging-r.muslimtendanceparisienne.com\/test\/produit\/bandeau-tube-2\/","title":{"rendered":"Bandeau Tube"},"content":{"rendered":"<p><span style=\"font-weight: 400;\">Notre bandeau tube ouvert \u00e0 l&#8217;arri\u00e8re est un indispensable de la garde-robe, un accessoire polyvalent et confortable.\u00a0<\/span><\/p>\n<p><span style=\"font-weight: 400;\">Fabriqu\u00e9 en coton de qualit\u00e9 sup\u00e9rieure, ce bandeau offre une sensation agr\u00e9able, id\u00e9al \u00e0 porter sous vos foulards pr\u00e9f\u00e9r\u00e9s.\u00a0<\/span><\/p>\n<p><span style=\"font-weight: 400;\">Sa conception en forme de tube assure un ajustement parfait, maintenant vos cheveux en place.\u00a0<\/span><\/p>\n<p><span style=\"font-weight: 400;\">Optez pour le confort, la qualit\u00e9 et la praticit\u00e9 avec notre bandeau tube ouvert \u00e0 l&#8217;arri\u00e8re.\u00a0<\/span><\/p>\n","protected":false},"excerpt":{"rendered":"<p><span style=\"font-weight: 400;\">Bandeau tube\u00a0<\/span><\/p>\n<p><span style=\"font-weight: 400;\">Ouvert \u00e0 l&#8217;arri\u00e8re\u00a0<\/span><\/p>\n<p><span style=\"font-weight: 400;\">Mati\u00e8re coton et agr\u00e9able \u00e0 porter sous vos foulards <\/span><\/p>\n","protected":false},"featured_media":1885,"comment_status":"open","ping_status":"closed","template":"","meta":[],"product_cat":[21],"product_tag":[],"class_list":{"0":"post-17056","1":"product","2":"type-product","3":"status-publish","4":"has-post-thumbnail","6":"product_cat-bandeaux","8":"first","9":"instock","10":"taxable","11":"shipping-taxable","12":"purchasable","13":"product-type-simple"},"jetpack_sharing_enabled":true,"_links":{"self":[{"href":"https:\/\/staging-r.muslimtendanceparisienne.com\/test\/wp-json\/wp\/v2\/product\/17056","targetHints":{"allow":["GET"]}}],"collection":[{"href":"https:\/\/staging-r.muslimtendanceparisienne.com\/test\/wp-json\/wp\/v2\/product"}],"about":[{"href":"https:\/\/staging-r.muslimtendanceparisienne.com\/test\/wp-json\/wp\/v2\/types\/product"}],"replies":[{"embeddable":true,"href":"https:\/\/staging-r.muslimtendanceparisienne.com\/test\/wp-json\/wp\/v2\/comments?post=17056"}],"version-history":[{"count":0,"href":"https:\/\/staging-r.muslimtendanceparisienne.com\/test\/wp-json\/wp\/v2\/product\/17056\/revisions"}],"wp:featuredmedia":[{"embeddable":true,"href":"https:\/\/staging-r.muslimtendanceparisienne.com\/test\/wp-json\/wp\/v2\/media\/1885"}],"wp:attachment":[{"href":"https:\/\/staging-r.muslimtendanceparisienne.com\/test\/wp-json\/wp\/v2\/media?parent=17056"}],"wp:term":[{"taxonomy":"product_cat","embeddable":true,"href":"https:\/\/staging-r.muslimtendanceparisienne.com\/test\/wp-json\/wp\/v2\/product_cat?post=17056"},{"taxonomy":"product_tag","embeddable":true,"href":"https:\/\/staging-r.muslimtendanceparisienne.com\/test\/wp-json\/wp\/v2\/product_tag?post=17056"}],"curies":[{"name":"wp","href":"https:\/\/api.w.org\/{rel}","templated":true}]}}