{"id":16417,"date":"2023-12-02T10:58:24","date_gmt":"2023-12-02T10:58:24","guid":{"rendered":"https:\/\/muslimtendanceparisienne.com\/?post_type=product&#038;p=16417"},"modified":"2024-02-28T08:59:59","modified_gmt":"2024-02-28T08:59:59","slug":"foulard-a-pression-2","status":"publish","type":"product","link":"https:\/\/staging-r.muslimtendanceparisienne.com\/test\/produit\/foulard-a-pression-2\/","title":{"rendered":"Foulard \u00e0 Pression"},"content":{"rendered":"<p>Foulard pr\u00eat \u00e0 enfiler avec pression<\/p>\n<p>Facile \u00e0 mettre, id\u00e9al pour les nouvelles voil\u00e9es<\/p>\n<p>Polyester et lycra, facile d\u2019entretien<\/p>\n<p>Type de tissu : lisse<\/p>\n<p>Disponible en plusieurs couleurs<\/p>\n","protected":false},"excerpt":{"rendered":"<p>Foulard pr\u00eat \u00e0 enfiler avec pression Facile \u00e0 mettre, id\u00e9al pour les nouvelles voil\u00e9es Polyester et lycra, facile d\u2019entretien Type de tissu : lisse Disponible en plusieurs couleurs<\/p>\n","protected":false},"featured_media":14778,"comment_status":"open","ping_status":"closed","template":"","meta":[],"product_cat":[18],"product_tag":[],"class_list":{"0":"post-16417","1":"product","2":"type-product","3":"status-publish","4":"has-post-thumbnail","6":"product_cat-foulards","8":"first","9":"instock","10":"taxable","11":"shipping-taxable","12":"purchasable","13":"product-type-simple"},"jetpack_sharing_enabled":true,"_links":{"self":[{"href":"https:\/\/staging-r.muslimtendanceparisienne.com\/test\/wp-json\/wp\/v2\/product\/16417","targetHints":{"allow":["GET"]}}],"collection":[{"href":"https:\/\/staging-r.muslimtendanceparisienne.com\/test\/wp-json\/wp\/v2\/product"}],"about":[{"href":"https:\/\/staging-r.muslimtendanceparisienne.com\/test\/wp-json\/wp\/v2\/types\/product"}],"replies":[{"embeddable":true,"href":"https:\/\/staging-r.muslimtendanceparisienne.com\/test\/wp-json\/wp\/v2\/comments?post=16417"}],"version-history":[{"count":0,"href":"https:\/\/staging-r.muslimtendanceparisienne.com\/test\/wp-json\/wp\/v2\/product\/16417\/revisions"}],"wp:featuredmedia":[{"embeddable":true,"href":"https:\/\/staging-r.muslimtendanceparisienne.com\/test\/wp-json\/wp\/v2\/media\/14778"}],"wp:attachment":[{"href":"https:\/\/staging-r.muslimtendanceparisienne.com\/test\/wp-json\/wp\/v2\/media?parent=16417"}],"wp:term":[{"taxonomy":"product_cat","embeddable":true,"href":"https:\/\/staging-r.muslimtendanceparisienne.com\/test\/wp-json\/wp\/v2\/product_cat?post=16417"},{"taxonomy":"product_tag","embeddable":true,"href":"https:\/\/staging-r.muslimtendanceparisienne.com\/test\/wp-json\/wp\/v2\/product_tag?post=16417"}],"curies":[{"name":"wp","href":"https:\/\/api.w.org\/{rel}","templated":true}]}}