{"id":14136,"date":"2023-09-02T08:36:30","date_gmt":"2023-09-02T08:36:30","guid":{"rendered":"https:\/\/muslimtendanceparisienne.com\/?post_type=product&#038;p=14136"},"modified":"2024-03-11T05:22:53","modified_gmt":"2024-03-11T05:22:53","slug":"foulard-a-pression","status":"publish","type":"product","link":"https:\/\/staging-r.muslimtendanceparisienne.com\/test\/produit\/foulard-a-pression\/","title":{"rendered":"Foulard \u00e0 pression"},"content":{"rendered":"<p>Foulard pr\u00eat \u00e0 enfiler avec pression<\/p>\n<p>Facile \u00e0 mettre, id\u00e9al pour les nouvelles voil\u00e9es<\/p>\n<p>Polyester et lycra, facile d\u2019entretien<\/p>\n<p>Type de tissu : lisse<\/p>\n<p>Disponible en plusieurs couleurs<\/p>\n","protected":false},"excerpt":{"rendered":"<p>Foulard pr\u00eat \u00e0 enfiler avec pression Facile \u00e0 mettre, id\u00e9al pour les nouvelles voil\u00e9es Polyester et lycra, facile d\u2019entretien Type de tissu : lisse Disponible en plusieurs couleurs<\/p>\n","protected":false},"featured_media":14778,"comment_status":"open","ping_status":"closed","template":"","meta":[],"product_cat":[16],"product_tag":[],"class_list":{"0":"post-14136","1":"product","2":"type-product","3":"status-publish","4":"has-post-thumbnail","6":"product_cat-tenues-de-prieres","8":"first","9":"instock","10":"taxable","11":"shipping-taxable","12":"purchasable","13":"product-type-variable"},"jetpack_sharing_enabled":true,"_links":{"self":[{"href":"https:\/\/staging-r.muslimtendanceparisienne.com\/test\/wp-json\/wp\/v2\/product\/14136","targetHints":{"allow":["GET"]}}],"collection":[{"href":"https:\/\/staging-r.muslimtendanceparisienne.com\/test\/wp-json\/wp\/v2\/product"}],"about":[{"href":"https:\/\/staging-r.muslimtendanceparisienne.com\/test\/wp-json\/wp\/v2\/types\/product"}],"replies":[{"embeddable":true,"href":"https:\/\/staging-r.muslimtendanceparisienne.com\/test\/wp-json\/wp\/v2\/comments?post=14136"}],"version-history":[{"count":0,"href":"https:\/\/staging-r.muslimtendanceparisienne.com\/test\/wp-json\/wp\/v2\/product\/14136\/revisions"}],"wp:featuredmedia":[{"embeddable":true,"href":"https:\/\/staging-r.muslimtendanceparisienne.com\/test\/wp-json\/wp\/v2\/media\/14778"}],"wp:attachment":[{"href":"https:\/\/staging-r.muslimtendanceparisienne.com\/test\/wp-json\/wp\/v2\/media?parent=14136"}],"wp:term":[{"taxonomy":"product_cat","embeddable":true,"href":"https:\/\/staging-r.muslimtendanceparisienne.com\/test\/wp-json\/wp\/v2\/product_cat?post=14136"},{"taxonomy":"product_tag","embeddable":true,"href":"https:\/\/staging-r.muslimtendanceparisienne.com\/test\/wp-json\/wp\/v2\/product_tag?post=14136"}],"curies":[{"name":"wp","href":"https:\/\/api.w.org\/{rel}","templated":true}]}}