{"id":13374,"date":"2023-07-04T08:51:15","date_gmt":"2023-07-04T08:51:15","guid":{"rendered":"https:\/\/muslimtendanceparisienne.com\/?post_type=product&#038;p=13374"},"modified":"2024-01-18T20:41:01","modified_gmt":"2024-01-18T20:41:01","slug":"tote-bag","status":"publish","type":"product","link":"https:\/\/staging-r.muslimtendanceparisienne.com\/test\/produit\/tote-bag\/","title":{"rendered":"Tote Bag"},"content":{"rendered":"<p>Le tote bag parfait,<\/p>\n<p>Tr\u00e8s r\u00e9sistant, il saura vous accompagner tout au long de votre journ\u00e9e.<\/p>\n<p>Un cadeau joli et pratique \u00e0 offrir pour une personne de votre entourage<\/p>\n","protected":false},"excerpt":{"rendered":"<p>Le tote bag parfait, Tr\u00e8s r\u00e9sistant, il saura vous accompagner tout au long de votre journ\u00e9e. Un cadeau joli et pratique \u00e0 offrir pour une personne de votre entourage<\/p>\n","protected":false},"featured_media":17453,"comment_status":"open","ping_status":"closed","template":"","meta":[],"product_cat":[21],"product_tag":[],"class_list":{"0":"post-13374","1":"product","2":"type-product","3":"status-publish","4":"has-post-thumbnail","6":"product_cat-bandeaux","8":"first","9":"instock","10":"taxable","11":"shipping-taxable","12":"purchasable","13":"product-type-simple"},"jetpack_sharing_enabled":true,"_links":{"self":[{"href":"https:\/\/staging-r.muslimtendanceparisienne.com\/test\/wp-json\/wp\/v2\/product\/13374","targetHints":{"allow":["GET"]}}],"collection":[{"href":"https:\/\/staging-r.muslimtendanceparisienne.com\/test\/wp-json\/wp\/v2\/product"}],"about":[{"href":"https:\/\/staging-r.muslimtendanceparisienne.com\/test\/wp-json\/wp\/v2\/types\/product"}],"replies":[{"embeddable":true,"href":"https:\/\/staging-r.muslimtendanceparisienne.com\/test\/wp-json\/wp\/v2\/comments?post=13374"}],"version-history":[{"count":0,"href":"https:\/\/staging-r.muslimtendanceparisienne.com\/test\/wp-json\/wp\/v2\/product\/13374\/revisions"}],"wp:featuredmedia":[{"embeddable":true,"href":"https:\/\/staging-r.muslimtendanceparisienne.com\/test\/wp-json\/wp\/v2\/media\/17453"}],"wp:attachment":[{"href":"https:\/\/staging-r.muslimtendanceparisienne.com\/test\/wp-json\/wp\/v2\/media?parent=13374"}],"wp:term":[{"taxonomy":"product_cat","embeddable":true,"href":"https:\/\/staging-r.muslimtendanceparisienne.com\/test\/wp-json\/wp\/v2\/product_cat?post=13374"},{"taxonomy":"product_tag","embeddable":true,"href":"https:\/\/staging-r.muslimtendanceparisienne.com\/test\/wp-json\/wp\/v2\/product_tag?post=13374"}],"curies":[{"name":"wp","href":"https:\/\/api.w.org\/{rel}","templated":true}]}}