{"id":29,"date":"2022-05-26T17:48:07","date_gmt":"2022-05-26T17:48:07","guid":{"rendered":"https:\/\/muslimtendanceparisienne.com\/about\/"},"modified":"2022-06-23T21:15:12","modified_gmt":"2022-06-23T21:15:12","slug":"about","status":"publish","type":"page","link":"https:\/\/staging-r.muslimtendanceparisienne.com\/test\/about\/","title":{"rendered":"Qui sommes-nous ?"},"content":{"rendered":"\t\t<div data-elementor-type=\"wp-page\" data-elementor-id=\"29\" class=\"elementor elementor-29\" data-elementor-post-type=\"page\">\n\t\t\t\t\t\t<section class=\"elementor-section elementor-top-section elementor-element elementor-element-d7a948c elementor-section-boxed elementor-section-height-default elementor-section-height-default\" data-id=\"d7a948c\" data-element_type=\"section\">\n\t\t\t\t\t\t<div class=\"elementor-container elementor-column-gap-default\">\n\t\t\t\t\t<div class=\"elementor-column elementor-col-100 elementor-top-column elementor-element elementor-element-5833dac\" data-id=\"5833dac\" data-element_type=\"column\">\n\t\t\t<div class=\"elementor-widget-wrap elementor-element-populated\">\n\t\t\t\t\t\t<div class=\"elementor-element elementor-element-7f5a881 elementor-widget elementor-widget-text-editor\" data-id=\"7f5a881\" data-element_type=\"widget\" data-widget_type=\"text-editor.default\">\n\t\t\t\t<div class=\"elementor-widget-container\">\n\t\t\t\t\t\t\t<h4>\u00a0<\/h4><p><span style=\"font-size: 1rem; word-spacing: 0.8em;\">Bienvenue dans l\u2019univers Muslim Tendance Parisienne, deux s\u0153urs passionn\u00e9es par la modest fashion.<\/span><\/p><p>Notre histoire commence \u00e0 Paris en 2015, face au manque de choix de v\u00eatements mastour nous avons eu l\u2019id\u00e9e de proposer des articles de qualit\u00e9 et \u00e0 petit prix destin\u00e9s aux femmes d\u00e9sireuses de se v\u00eatir de mani\u00e8re pudique et \u00e9l\u00e9gante \u00e0 la fois sans se ruiner !<\/p><p>Apr\u00e8s le succ\u00e8s de notre premi\u00e8re collection de Jilbab d\u00e9clin\u00e9 en plusieurs couleurs, et \u00e0 l\u2019\u00e9coute des besoins de nos clientes, nous avons au fur et \u00e0 mesure \u00e9largi notre gamme afin de leur proposer des articles qui correspondent \u00e0 leurs attentes.<\/p><p>Aujourd\u2019hui, Muslim Tendance Parisienne c\u2019est une large gamme d&#8217;accessoires et de v\u00eatements mastour de qualit\u00e9.<\/p><p>N\u2019attends plus et rejoins notre communaut\u00e9 de 91 000 fashionistas !<\/p>\t\t\t\t\t\t<\/div>\n\t\t\t\t<\/div>\n\t\t\t\t\t<\/div>\n\t\t<\/div>\n\t\t\t\t\t<\/div>\n\t\t<\/section>\n\t\t\t\t<\/div>\n\t\t","protected":false},"excerpt":{"rendered":"<p>\u00a0 Bienvenue dans l\u2019univers Muslim Tendance Parisienne, deux s\u0153urs passionn\u00e9es par la modest fashion. Notre histoire commence \u00e0 Paris en 2015, face au manque de choix de v\u00eatements mastour nous avons eu l\u2019id\u00e9e de proposer des articles de qualit\u00e9 et \u00e0 petit prix destin\u00e9s aux femmes d\u00e9sireuses de se v\u00eatir de mani\u00e8re pudique et \u00e9l\u00e9gante [&hellip;]<\/p>\n","protected":false},"author":2,"featured_media":0,"parent":0,"menu_order":0,"comment_status":"closed","ping_status":"closed","template":"","meta":{"footnotes":""},"class_list":["post-29","page","type-page","status-publish","hentry"],"jetpack_sharing_enabled":true,"_links":{"self":[{"href":"https:\/\/staging-r.muslimtendanceparisienne.com\/test\/wp-json\/wp\/v2\/pages\/29","targetHints":{"allow":["GET"]}}],"collection":[{"href":"https:\/\/staging-r.muslimtendanceparisienne.com\/test\/wp-json\/wp\/v2\/pages"}],"about":[{"href":"https:\/\/staging-r.muslimtendanceparisienne.com\/test\/wp-json\/wp\/v2\/types\/page"}],"author":[{"embeddable":true,"href":"https:\/\/staging-r.muslimtendanceparisienne.com\/test\/wp-json\/wp\/v2\/users\/2"}],"replies":[{"embeddable":true,"href":"https:\/\/staging-r.muslimtendanceparisienne.com\/test\/wp-json\/wp\/v2\/comments?post=29"}],"version-history":[{"count":0,"href":"https:\/\/staging-r.muslimtendanceparisienne.com\/test\/wp-json\/wp\/v2\/pages\/29\/revisions"}],"wp:attachment":[{"href":"https:\/\/staging-r.muslimtendanceparisienne.com\/test\/wp-json\/wp\/v2\/media?parent=29"}],"curies":[{"name":"wp","href":"https:\/\/api.w.org\/{rel}","templated":true}]}}