{"id":2,"date":"2022-05-26T17:47:44","date_gmt":"2022-05-26T17:47:44","guid":{"rendered":"https:\/\/muslimtendanceparisienne.com\/?page_id=2"},"modified":"2024-03-06T09:57:19","modified_gmt":"2024-03-06T09:57:19","slug":"mentions-legales","status":"publish","type":"page","link":"https:\/\/staging-r.muslimtendanceparisienne.com\/test\/mentions-legales\/","title":{"rendered":"Mentions L\u00e9gales"},"content":{"rendered":"<h3><\/h3>\n<p>En vertu des dispositions de la loi pour la confiance dans l&#8217;\u00e9conomie num\u00e9rique telles que modifi\u00e9es, il est pr\u00e9cis\u00e9 aux utilisateurs du pr\u00e9sent site internet l&#8217;identit\u00e9 des diff\u00e9rents intervenants :<\/p>\n<p>Propri\u00e9taire : SAS MUSLIM TENDANCE PARISIENNE<\/p>\n<p>Directeur de publication : Tiguida Diakhite<\/p>\n<p>Num\u00e9ro de TVA : FR60914308242<br \/>\nNum\u00e9ro RCS : 914 308 242 RCS Paris<br \/>\nAdresse du si\u00e8ge social : 72 rue leibniz, 75018 Paris<br \/>\nContact : muslimtendanceparisienne@hotmail.com<br \/>\nT\u00e9l\u00e9phone : 0768031205<\/p>\n<p>H\u00e9bergeur : o2switch<br \/>\nAdresse postale de l\u2019hebergeur : 222-224 Boulevard Gustave Flaubert<br \/>\n63000 Clermont-Ferrand<br \/>\nNum\u00e9ro de t\u00e9l\u00e9phone de l\u2019hebergeur : 04 44 44 60 40<br \/>\nNum\u00e9ro RCS : 510 909 807 RCS Clermont Ferrand<\/p>\n","protected":false},"excerpt":{"rendered":"<p>En vertu des dispositions de la loi pour la confiance dans l&#8217;\u00e9conomie num\u00e9rique telles que modifi\u00e9es, il est pr\u00e9cis\u00e9 aux utilisateurs du pr\u00e9sent site internet l&#8217;identit\u00e9 des diff\u00e9rents intervenants : Propri\u00e9taire : SAS MUSLIM TENDANCE PARISIENNE Directeur de publication : Tiguida Diakhite Num\u00e9ro de TVA : FR60914308242 Num\u00e9ro RCS : 914 308 242 RCS Paris [&hellip;]<\/p>\n","protected":false},"author":2,"featured_media":0,"parent":0,"menu_order":0,"comment_status":"closed","ping_status":"closed","template":"","meta":{"footnotes":""},"class_list":["post-2","page","type-page","status-publish","hentry"],"jetpack_sharing_enabled":true,"_links":{"self":[{"href":"https:\/\/staging-r.muslimtendanceparisienne.com\/test\/wp-json\/wp\/v2\/pages\/2","targetHints":{"allow":["GET"]}}],"collection":[{"href":"https:\/\/staging-r.muslimtendanceparisienne.com\/test\/wp-json\/wp\/v2\/pages"}],"about":[{"href":"https:\/\/staging-r.muslimtendanceparisienne.com\/test\/wp-json\/wp\/v2\/types\/page"}],"author":[{"embeddable":true,"href":"https:\/\/staging-r.muslimtendanceparisienne.com\/test\/wp-json\/wp\/v2\/users\/2"}],"replies":[{"embeddable":true,"href":"https:\/\/staging-r.muslimtendanceparisienne.com\/test\/wp-json\/wp\/v2\/comments?post=2"}],"version-history":[{"count":0,"href":"https:\/\/staging-r.muslimtendanceparisienne.com\/test\/wp-json\/wp\/v2\/pages\/2\/revisions"}],"wp:attachment":[{"href":"https:\/\/staging-r.muslimtendanceparisienne.com\/test\/wp-json\/wp\/v2\/media?parent=2"}],"curies":[{"name":"wp","href":"https:\/\/api.w.org\/{rel}","templated":true}]}}