{"id":12154,"date":"2023-04-10T10:14:07","date_gmt":"2023-04-10T10:14:07","guid":{"rendered":"https:\/\/muslimtendanceparisienne.com\/?page_id=12154"},"modified":"2023-04-10T16:29:52","modified_gmt":"2023-04-10T16:29:52","slug":"faq","status":"publish","type":"page","link":"https:\/\/staging-r.muslimtendanceparisienne.com\/test\/faq\/","title":{"rendered":"FAQ"},"content":{"rendered":"\t\t<div data-elementor-type=\"wp-page\" data-elementor-id=\"12154\" class=\"elementor elementor-12154\" data-elementor-post-type=\"page\">\n\t\t\t\t\t\t<section class=\"elementor-section elementor-top-section elementor-element elementor-element-5f1ae33 elementor-section-boxed elementor-section-height-default elementor-section-height-default\" data-id=\"5f1ae33\" data-element_type=\"section\">\n\t\t\t\t\t\t<div class=\"elementor-container elementor-column-gap-default\">\n\t\t\t\t\t<div class=\"elementor-column elementor-col-100 elementor-top-column elementor-element elementor-element-754779c\" data-id=\"754779c\" data-element_type=\"column\">\n\t\t\t<div class=\"elementor-widget-wrap elementor-element-populated\">\n\t\t\t\t\t\t<div class=\"elementor-element elementor-element-44e7dbc elementor-widget elementor-widget-heading\" data-id=\"44e7dbc\" data-element_type=\"widget\" data-widget_type=\"heading.default\">\n\t\t\t\t<div class=\"elementor-widget-container\">\n\t\t\t<h2 class=\"elementor-heading-title elementor-size-default\">1\/ Mode de livraison <\/h2>\t\t<\/div>\n\t\t\t\t<\/div>\n\t\t\t\t<div class=\"elementor-element elementor-element-284969c elementor-widget elementor-widget-text-editor\" data-id=\"284969c\" data-element_type=\"widget\" data-widget_type=\"text-editor.default\">\n\t\t\t\t<div class=\"elementor-widget-container\">\n\t\t\t\t\t\t\t<h5>France :<strong>&nbsp;<\/strong><\/h5>\n<p>Mondial Relay : Exp\u00e9dition en point relais&nbsp;<\/p>\n<p>Colissimo : Exp\u00e9dition \u00e0 domicile&nbsp;<\/p>\n<h5>Belgique :&nbsp;<\/h5>\n<p>Mondial Relay : Exp\u00e9dition en point relais&nbsp;<\/p>\n<p>Mondial relay : Exp\u00e9dition \u00e0 domicile&nbsp;<\/p>\n<h5>Allemagne :<\/h5>\n<p>Mondial Relay : Exp\u00e9dition \u00e0 domicile&nbsp;<\/p>\n<h5>Espagne :<\/h5>\n<p>Mondial Relay : Exp\u00e9dition \u00e0 domicile&nbsp;<\/p>\n<h5>Italie :<\/h5>\n<p>Chronopost : Exp\u00e9dition \u00e0 domicile&nbsp;<\/p>\t\t\t\t\t\t<\/div>\n\t\t\t\t<\/div>\n\t\t\t\t<div class=\"elementor-element elementor-element-3b72d48 elementor-widget elementor-widget-heading\" data-id=\"3b72d48\" data-element_type=\"widget\" data-widget_type=\"heading.default\">\n\t\t\t\t<div class=\"elementor-widget-container\">\n\t\t\t<h2 class=\"elementor-heading-title elementor-size-default\">2\/ D\u00e9lais de livraison&nbsp;*<\/h2>\t\t<\/div>\n\t\t\t\t<\/div>\n\t\t\t\t<div class=\"elementor-element elementor-element-394b3a8 elementor-widget elementor-widget-text-editor\" data-id=\"394b3a8\" data-element_type=\"widget\" data-widget_type=\"text-editor.default\">\n\t\t\t\t<div class=\"elementor-widget-container\">\n\t\t\t\t\t\t\t<h5>Exp\u00e9dition des colis sous 48h\u00a0<\/h5><h5>France :\u00a0<\/h5><p>R\u00e9ception entre 3 \u00e0 5 jours<\/p><h5>Belgique :\u00a0<\/h5><p>R\u00e9ception entre 3 \u00e0 8 jours<\/p><h5>Allemagne :<\/h5><p>\u00a0R\u00e9ception entre 3 \u00e0 10 jours\u00a0<\/p><h5>Espagne :<\/h5><p>\u00a0R\u00e9ception entre 3 \u00e0 10 jours<\/p><h5>Italie :<\/h5><p>\u00a0R\u00e9ception entre 3 \u00e0 10 jours<\/p><p>* Exprim\u00e9s en jours ouvrables (le samedi et le dimanche ne sont pas des jours ouvrables)<\/p><p>\u00a0<\/p>\t\t\t\t\t\t<\/div>\n\t\t\t\t<\/div>\n\t\t\t\t<div class=\"elementor-element elementor-element-aea2c56 elementor-widget elementor-widget-heading\" data-id=\"aea2c56\" data-element_type=\"widget\" data-widget_type=\"heading.default\">\n\t\t\t\t<div class=\"elementor-widget-container\">\n\t\t\t<h2 class=\"elementor-heading-title elementor-size-default\">3\/ Num\u00e9ro de suivi *<\/h2>\t\t<\/div>\n\t\t\t\t<\/div>\n\t\t\t\t<div class=\"elementor-element elementor-element-217125f elementor-widget elementor-widget-text-editor\" data-id=\"217125f\" data-element_type=\"widget\" data-widget_type=\"text-editor.default\">\n\t\t\t\t<div class=\"elementor-widget-container\">\n\t\t\t\t\t\t\t<p>Apr\u00e8s votre commande, vous recevrez votre suivi sous 48h par mail et l\u2019exp\u00e9diteur est Boxtal<\/p>\n<p>* Exprim\u00e9s en jours ouvrables (le samedi et le dimanche ne sont pas des jours ouvrables)<\/p>\t\t\t\t\t\t<\/div>\n\t\t\t\t<\/div>\n\t\t\t\t<div class=\"elementor-element elementor-element-c6e577d elementor-widget elementor-widget-heading\" data-id=\"c6e577d\" data-element_type=\"widget\" data-widget_type=\"heading.default\">\n\t\t\t\t<div class=\"elementor-widget-container\">\n\t\t\t<h2 class=\"elementor-heading-title elementor-size-default\">4\/ R\u00e9clamation<\/h2>\t\t<\/div>\n\t\t\t\t<\/div>\n\t\t\t\t<div class=\"elementor-element elementor-element-cf63bfc elementor-widget elementor-widget-text-editor\" data-id=\"cf63bfc\" data-element_type=\"widget\" data-widget_type=\"text-editor.default\">\n\t\t\t\t<div class=\"elementor-widget-container\">\n\t\t\t\t\t\t\t<p>Mail SAV :\u00a0<a href=\"mailto:muslimtendanceparisienne@hotmail.com\" target=\"_blank\" rel=\"noopener\">muslimtendanceparisienne@<wbr \/>hotmail.com<\/a><\/p>\t\t\t\t\t\t<\/div>\n\t\t\t\t<\/div>\n\t\t\t\t<div class=\"elementor-element elementor-element-d09823a elementor-widget elementor-widget-heading\" data-id=\"d09823a\" data-element_type=\"widget\" data-widget_type=\"heading.default\">\n\t\t\t\t<div class=\"elementor-widget-container\">\n\t\t\t<h2 class=\"elementor-heading-title elementor-size-default\">5\/ Contact&nbsp;<\/h2>\t\t<\/div>\n\t\t\t\t<\/div>\n\t\t\t\t<div class=\"elementor-element elementor-element-a7931b1 elementor-widget elementor-widget-text-editor\" data-id=\"a7931b1\" data-element_type=\"widget\" data-widget_type=\"text-editor.default\">\n\t\t\t\t<div class=\"elementor-widget-container\">\n\t\t\t\t\t\t\t<p>Pour toute demande ou question, contactez nous par mail\u00a0<a href=\"mailto:muslimtendanceparisienne@hotmail.com\" target=\"_blank\" rel=\"noopener\">muslimtendanceparisienne@<wbr \/>hotmail.com<\/a><\/p>\t\t\t\t\t\t<\/div>\n\t\t\t\t<\/div>\n\t\t\t\t\t<\/div>\n\t\t<\/div>\n\t\t\t\t\t<\/div>\n\t\t<\/section>\n\t\t\t\t<\/div>\n\t\t","protected":false},"excerpt":{"rendered":"<p>1\/ Mode de livraison France :&nbsp; Mondial Relay : Exp\u00e9dition en point relais&nbsp; Colissimo : Exp\u00e9dition \u00e0 domicile&nbsp; Belgique :&nbsp; Mondial Relay : Exp\u00e9dition en point relais&nbsp; Mondial relay : Exp\u00e9dition \u00e0 domicile&nbsp; Allemagne : Mondial Relay : Exp\u00e9dition \u00e0 domicile&nbsp; Espagne : Mondial Relay : Exp\u00e9dition \u00e0 domicile&nbsp; Italie : Chronopost : Exp\u00e9dition \u00e0 [&hellip;]<\/p>\n","protected":false},"author":2,"featured_media":0,"parent":0,"menu_order":0,"comment_status":"closed","ping_status":"closed","template":"","meta":{"footnotes":""},"class_list":["post-12154","page","type-page","status-publish","hentry"],"jetpack_sharing_enabled":true,"_links":{"self":[{"href":"https:\/\/staging-r.muslimtendanceparisienne.com\/test\/wp-json\/wp\/v2\/pages\/12154","targetHints":{"allow":["GET"]}}],"collection":[{"href":"https:\/\/staging-r.muslimtendanceparisienne.com\/test\/wp-json\/wp\/v2\/pages"}],"about":[{"href":"https:\/\/staging-r.muslimtendanceparisienne.com\/test\/wp-json\/wp\/v2\/types\/page"}],"author":[{"embeddable":true,"href":"https:\/\/staging-r.muslimtendanceparisienne.com\/test\/wp-json\/wp\/v2\/users\/2"}],"replies":[{"embeddable":true,"href":"https:\/\/staging-r.muslimtendanceparisienne.com\/test\/wp-json\/wp\/v2\/comments?post=12154"}],"version-history":[{"count":0,"href":"https:\/\/staging-r.muslimtendanceparisienne.com\/test\/wp-json\/wp\/v2\/pages\/12154\/revisions"}],"wp:attachment":[{"href":"https:\/\/staging-r.muslimtendanceparisienne.com\/test\/wp-json\/wp\/v2\/media?parent=12154"}],"curies":[{"name":"wp","href":"https:\/\/api.w.org\/{rel}","templated":true}]}}